{"id":1327,"date":"2025-09-25T10:10:18","date_gmt":"2025-09-25T10:10:18","guid":{"rendered":"https:\/\/auracelestialstudio.com\/?post_type=product&#038;p=1327"},"modified":"2026-03-17T07:24:02","modified_gmt":"2026-03-17T07:24:02","slug":"oracle-tarot-deck","status":"publish","type":"product","link":"https:\/\/auracelestialstudio.com\/fr\/produit\/oracle-tarot-deck\/","title":{"rendered":"Jeu de tarot Oracle \u2013 44 cartes"},"content":{"rendered":"<div id=\"content-toggle-product-details-read-more\" class=\"wt-content-toggle__body wt-content-toggle__body--truncated wt-content-toggle__body--truncated-02\" aria-hidden=\"false\">\n<h1 class=\"wt-text-body-01 wt-break-word\">Cartes Oracle<\/h1>\n<p class=\"wt-text-body-01 wt-break-word\" data-product-details-description-text-content=\"\"><strong>La Pr\u00e9diction des Gardiens Spirituels<\/strong><\/p>\n<h2 class=\"wt-text-body-01 wt-break-word\">Tarot d\u2019Auto-connaissance<\/h2>\n<p class=\"wt-text-body-01 wt-break-word\">Un jeu de tarot oracle mystique pour la d\u00e9couverte de soi et la connexion spirituelle. Connectez-vous \u00e0 votre sagesse int\u00e9rieure gr\u00e2ce \u00e0 44 cartes magnifiquement illustr\u00e9es, chacune porteuse d'anciens messages c\u00e9lestes pour illuminer votre cheminement spirituel.<\/p>\n<p>Tu n\u2019es pas venu\u00b7e pour apprendre. Tu es venu\u00b7e pour te souvenir.<br \/>\nEn toi vit une voix douce. Parfois elle murmure. Parfois elle rugit. Mais elle est toujours l\u00e0.<\/p>\n<p>Cet oracle n'a pas \u00e9t\u00e9 cr\u00e9\u00e9 pour pr\u00e9dire l'avenir, mais pour r\u00e9v\u00e9ler le reflet du pr\u00e9sent.<br \/>\nC\u2019est un miroir sans jugement, une carte sans chemins trac\u00e9s.<\/p>\n<p>La <strong>Pr\u00e9diction des Gardiens Spirituels<\/strong> est un jeu mystique d\u2019oracle pour te reconnecter \u00e0 ton \u00eatre sup\u00e9rieur et aux protecteurs divins qui marchent \u00e0 tes c\u00f4t\u00e9s.<\/p>\n<p>Un portail vers des \u00e9nergies et des messages ancestraux destin\u00e9s \u00e0 guider, prot\u00e9ger et \u00e9veiller.<br \/>\nIci, il n\u2019y a pas de r\u00e8gles. Il n\u2019existe pas de significations justes ou fausses. Chaque symbole est un murmure, une invitation \u00e0 regarder \u00e0 l\u2019int\u00e9rieur.<\/p>\n<p>La sagesse n\u2019est pas dans ces cartes. La sagesse, c\u2019est toi, quand tu les tiens entre tes mains.<br \/>\nFaites confiance \u00e0 votre intuition. Ton \u00e2me conna\u00eet d\u00e9j\u00e0 le message.<\/p>\n<h2 class=\"wt-text-body-01 wt-break-word\">Cartes Oracle<\/h2>\n<p>Cet oracle ne te dit pas qui tu es. Il te rappelle que tu le sais d\u00e9j\u00e0.<\/p>\n<p>\u2728<strong>Ce qui est inclus<\/strong> :<br \/>\n\u2013 1 jeu oracle de 44 cartes, r\u00e9parties en 4 cat\u00e9gories intuitives<br \/>\n\u2013 1 guide avec messages, rituels et interpr\u00e9tations<br \/>\n\u2013 1 bo\u00eete \u00e0 couverture rigide pour la protection et le rangement<\/p>\n<p>\ud83c\udf3f L'essence de l'oracle<br \/>\nCe jeu na\u00eet comme un voyage vers ton monde int\u00e9rieur. Il ne cherche pas \u00e0 pr\u00e9dire un futur \u00e9crit, mais \u00e0 r\u00e9veiller la voix de tes propres gardiens spirituels : ces forces invisibles qui vivent dans ton intuition, ta sagesse et ton c\u0153ur. Chaque carte est une porte vers toi-m\u00eame, un miroir o\u00f9 d\u00e9couvrir ce qui a toujours \u00e9t\u00e9 l\u00e0, attendant d\u2019\u00eatre reconnu.<br \/>\nCe jeu ne cherche pas \u00e0 imposer une signification unique. Les gardiens ne dictent pas de v\u00e9rit\u00e9s absolues, ils refl\u00e8tent ce que ton \u00e2me a besoin de voir \u00e0 chaque instant. Chaque carte peut changer de voix selon ta question, ton \u00e9nergie et ton pr\u00e9sent. Ici, il n\u2019y a pas de manuel rigide : tu es l\u2019interpr\u00e8te, tu es le livre.<\/p>\n<p>\ud83d\udd4a\ufe0f <strong>D\u00e9tails<\/strong>:<br \/>\n\u2013 44 cartes<br \/>\n\u2013 Taille: 70 mm x 121 mm (2.75\u2033 x 4.75\u2033)<br \/>\n\u2013 Imprim\u00e9 sur du papier cartonn\u00e9 noir de qualit\u00e9 sup\u00e9rieure de 400 g\/m\u00b2<br \/>\n\u2013 M\u00e9lange fluide et grande durabilit\u00e9<br \/>\n\u2013 Finition en lin pour une texture \u00e9l\u00e9gante et un affichage d\u2019\u0153uvres d\u2019art vibrant et des bords dor\u00e9s<\/p>\n<p>\ud83c\udf0c <strong>Un compagnon sacr\u00e9<\/strong><br \/>\nCr\u00e9\u00e9 avec intention et r\u00e9v\u00e9rence, ce jeu est un pont entre les mondes, un miroir de l'\u00e2me et un compagnon pour vos c\u00e9r\u00e9monies, m\u00e9ditations ou lectures intuitives.<\/p>\n<p>Laisse les Gardiens Spirituels t'accompagner, te prot\u00e9ger et te rappeler ce que tu sais d\u00e9j\u00e0 au plus profond de toi-m\u00eame :<br \/>\nLa sagesse c'est toi.<\/p>\n<blockquote><p><strong>Mot de la cr\u00e9atrice<\/strong> <em>Je m\u2019appelle Mariane, et j\u2019ai cr\u00e9\u00e9 cet oracle \u00e0 un moment de ma vie o\u00f9 je ne savais plus comment avancer. Un moment o\u00f9 je devais tout r\u00e9apprendre. Je n\u2019ai pas cr\u00e9\u00e9 ces cartes pour pr\u00e9dire l\u2019avenir, mais pour accompagner les passages. Les moments flous. Les fins silencieuses. Les nouveaux d\u00e9buts qui font peur autant qu\u2019ils appellent. Parfois, on n\u2019a pas besoin de r\u00e9ponses. Juste d\u2019un espace pour \u00e9couter. Je l\u2019ai imagin\u00e9 comme un compagnon. Un compagnon pour se reconnecter \u00e0 soi, \u00e9couter sa voix int\u00e9rieure et traverser les passages de la vie avec plus de conscience. Il ne demande pas de croire en quoi que ce soit. Il ne demande pas d\u2019\u00eatre spirituel. Il demande seulement d\u2019\u00eatre curieux de soi, d\u2019avoir l\u2019envie d\u2019\u00e9couter ce qui est d\u00e9j\u00e0 l\u00e0, \u00e0 l\u2019int\u00e9rieur.<\/em><\/p><\/blockquote>\n<p>&nbsp;<\/p>\n<p><a href=\"https:\/\/auracelestialstudio.com\/fr\/about\/\">Aura Celestial Studio<\/a><\/p>\n<p>IG \u2013 <a href=\"\/fr\/Instagram\/\" target=\"_blank\" rel=\"noopener\">@auracelestial.studio<\/a><\/p>\n<\/div>","protected":false},"excerpt":{"rendered":"<h2 class=\"product_title entry-title\">La Pr\u00e9diction des Gardiens Spirituels<\/h2>\n<p class=\"product_title entry-title\">Un jeu de tarot oracle de 44 cartes, un outil de connexion spirituelle, de gu\u00e9rison et de transformation int\u00e9rieure, con\u00e7u pour vous accompagner sur le chemin de la d\u00e9couverte de soi.<\/p>\n<p>\ud83d\udcab Get <strong>Livraison gratuite \u00e0 l'achat de 2 jeux ou plus! <\/strong>Combinez vos langues pr\u00e9f\u00e9r\u00e9es ou offrez-en une \u00e0 un ami \u2014 livraison offerte !<\/p>","protected":false},"featured_media":1360,"template":"","meta":[],"product_brand":[],"product_cat":[26],"product_tag":[],"class_list":{"0":"post-1327","1":"product","2":"type-product","3":"status-publish","4":"has-post-thumbnail","6":"product_cat-oracle-cards","8":"first","9":"instock","10":"sale","11":"purchasable","12":"product-type-variable"},"_links":{"self":[{"href":"https:\/\/auracelestialstudio.com\/fr\/wp-json\/wp\/v2\/product\/1327","targetHints":{"allow":["GET"]}}],"collection":[{"href":"https:\/\/auracelestialstudio.com\/fr\/wp-json\/wp\/v2\/product"}],"about":[{"href":"https:\/\/auracelestialstudio.com\/fr\/wp-json\/wp\/v2\/types\/product"}],"wp:featuredmedia":[{"embeddable":true,"href":"https:\/\/auracelestialstudio.com\/fr\/wp-json\/wp\/v2\/media\/1360"}],"wp:attachment":[{"href":"https:\/\/auracelestialstudio.com\/fr\/wp-json\/wp\/v2\/media?parent=1327"}],"wp:term":[{"taxonomy":"product_brand","embeddable":true,"href":"https:\/\/auracelestialstudio.com\/fr\/wp-json\/wp\/v2\/product_brand?post=1327"},{"taxonomy":"product_cat","embeddable":true,"href":"https:\/\/auracelestialstudio.com\/fr\/wp-json\/wp\/v2\/product_cat?post=1327"},{"taxonomy":"product_tag","embeddable":true,"href":"https:\/\/auracelestialstudio.com\/fr\/wp-json\/wp\/v2\/product_tag?post=1327"}],"curies":[{"name":"wp","href":"https:\/\/api.w.org\/{rel}","templated":true}]}}